{"id":15,"date":"2024-02-05T19:24:41","date_gmt":"2024-02-05T18:24:41","guid":{"rendered":"https:\/\/pc-service-sommer.de\/?page_id=15"},"modified":"2025-02-28T07:13:35","modified_gmt":"2025-02-28T06:13:35","slug":"drohnenaufnahmen-fuer-viele-anlaesse-sowie-inspektion","status":"publish","type":"page","link":"https:\/\/pc-service-sommer.de\/index.php\/drohnenaufnahmen-fuer-viele-anlaesse-sowie-inspektion\/","title":{"rendered":"Drohnenaufnahmen f\u00fcr Inspektion uvm."},"content":{"rendered":"<p>Wir bieten unsere Drohne zu Vermietung f\u00fcr Ihren Anlass an. Die Drohne wird nicht einzeln vermietet, sondern mit einem unserer Mitarbeiter als Pilot.<\/p>\n<p>&nbsp;<\/p>\n<p><span style=\"color: #ff0000; font-size: 14pt;\"><strong>*** Achtung \u2013 kein Selbstflug m\u00f6glich ***<\/strong><\/span><\/p>\n<p>&nbsp;<\/p>\n<ul>\n<li>Hochzeit<\/li>\n<li>Fotos\/Videos f\u00fcr alle erdenklichen Anl\u00e4sse<\/li>\n<li>Geburtstag<\/li>\n<li><span style=\"vertical-align: inherit;\"><span style=\"vertical-align: inherit;\"><span style=\"vertical-align: inherit;\"><span style=\"vertical-align: inherit;\">Party<\/span><\/span><\/span><\/span><\/li>\n<li><span style=\"vertical-align: inherit;\"><span style=\"vertical-align: inherit;\"><span style=\"vertical-align: inherit;\"><span style=\"vertical-align: inherit;\">Dachinspektion<\/span><\/span><\/span><\/span><\/li>\n<li><span style=\"vertical-align: inherit;\"><span style=\"vertical-align: inherit;\"><span style=\"vertical-align: inherit;\"><span style=\"vertical-align: inherit;\">Fotos\/Videos f\u00fcr alle erdenklichen Anl\u00e4sse<\/span><\/span><\/span><\/span><\/li>\n<li>Es handelt sich um eine Drohne DJI Mini 3 Pro<\/li>\n<\/ul>\n<p>&nbsp;<\/p>\n<p><strong><span style=\"vertical-align: inherit;\"><span style=\"vertical-align: inherit;\"><span style=\"vertical-align: inherit;\"><span style=\"vertical-align: inherit;\">Videos in 4K Ultra HD<\/span><\/span><\/span><\/span><\/strong><\/p>\n<p><strong>Fotos mit 12 Megapixel und 48 Megapixel Bitte lassen es uns wissen, wof\u00fcr die Drohne ben\u00f6tigt wird, wo, wie lange usw.<\/strong><\/p>\n<p>&nbsp;<\/p>\n<p><span style=\"font-size: 18pt;\"><strong>Wir erstellen Ihnen dann ein individuelles Angebot .<\/strong><\/span><\/p>\n<p><span style=\"font-family: 'arial black', sans-serif; color: #ff0000;\"><strong>Bitte beachten Sie, dass es Zonen mit Flugeinschr\u00e4nkungen oder gar \u2013 Verbote gibt.<\/strong><\/span><br \/>\n<span style=\"font-family: 'arial black', sans-serif; color: #ff0000;\">Sowie das Fl\u00fcge nur bei gutem Wetter stattfinden.<\/span><\/p>\n<p><span style=\"font-family: arial, helvetica, sans-serif;\">Bei Aufnahmen von Objekten, Immobilien usw. gehe ich davon aus, das etwaige Genehmigungen vorliegen<\/span><\/p>\n<p>&nbsp;<\/p>\n<p><strong>Rechnungsstellung ist ohne Umsatzsteuer nach \u00a719 UStG.<\/strong><\/p>\n<p>&nbsp;<\/p>\n<p><strong>Preise:<\/strong><\/p>\n<pre><span style=\"font-family: arial, helvetica, sans-serif;\"><span style=\"vertical-align: inherit;\"><span style=\"vertical-align: inherit;\">Standardpaket ab 350,-\u20ac<\/span><\/span><\/span>\r\n\r\n<span style=\"font-family: arial, helvetica, sans-serif;\">in den 350,-\u20ac ist enthalten<\/span>\r\n<span style=\"font-family: arial, helvetica, sans-serif;\">\u2013 Anfahrt bist 30km<\/span>\r\n<span style=\"font-family: arial, helvetica, sans-serif;\">\u2013 15 Bilder in JPG Format<\/span>\r\n<span style=\"font-family: arial, helvetica, sans-serif;\">\u2013 2 Videos (je Video ca. 2 Minuten)<\/span><\/pre>\n<p>Telefonisch erreichbar Montag bis Freitag 12 Uhr bis 12:30 Uhr und 17:30Uhr bis 21 Uhr , Sa.\u00a0 14 bis 19 Uhr oder per <a title=\"Kontakt\" href=\"https:\/\/pc-service-sommer.de\/index.php\/kontakt\/\">Kontaktformular<\/a><\/p>\n<p>&nbsp;<\/p>\n<p><strong>Leistungen:<\/strong><\/p>\n<pre><span style=\"font-family: arial, helvetica, sans-serif;\">Fl\u00fcge sind generell nach Sonnen auf- und vor Sonnenuntergang m\u00f6glich, Nachtfl\u00fcge bed\u00fcrfen einer Sondergenehmigung<\/span>\r\n<span style=\"font-family: arial, helvetica, sans-serif;\">Fl\u00fcge bis Windst\u00e4rke maximal 40km\/h<\/span>\r\n<span style=\"font-family: arial, helvetica, sans-serif;\">es muss immer Sichtkontakt zur Videodrohne bestehen (Sichtflug nach VFR-Regeln)<\/span>\r\n<span style=\"font-family: arial, helvetica, sans-serif;\">die Flugh\u00f6he betr\u00e4gt standardm\u00e4\u00dfig bis 100m\r\n\r\n<\/span><\/pre>\n<div id=\"attachment_60\" style=\"width: 399px\" class=\"wp-caption alignnone\"><img loading=\"lazy\" decoding=\"async\" aria-describedby=\"caption-attachment-60\" class=\" wp-image-60\" src=\"https:\/\/pc-service-sommer.de\/wp-content\/uploads\/2024\/02\/dji_export_1644065520359-300x169.jpg\" alt=\"\" width=\"389\" height=\"219\" srcset=\"https:\/\/pc-service-sommer.de\/wp-content\/uploads\/2024\/02\/dji_export_1644065520359-300x169.jpg 300w, https:\/\/pc-service-sommer.de\/wp-content\/uploads\/2024\/02\/dji_export_1644065520359-1024x576.jpg 1024w, https:\/\/pc-service-sommer.de\/wp-content\/uploads\/2024\/02\/dji_export_1644065520359-768x432.jpg 768w, https:\/\/pc-service-sommer.de\/wp-content\/uploads\/2024\/02\/dji_export_1644065520359-1536x864.jpg 1536w, https:\/\/pc-service-sommer.de\/wp-content\/uploads\/2024\/02\/dji_export_1644065520359-2048x1152.jpg 2048w\" sizes=\"auto, (max-width: 389px) 100vw, 389px\" \/><p id=\"caption-attachment-60\" class=\"wp-caption-text\"><span style=\"vertical-align: inherit;\"><span style=\"vertical-align: inherit;\">Lech<\/span><\/span><\/p><\/div>\n<p>&nbsp;<\/p>\n<div id=\"attachment_89\" style=\"width: 390px\" class=\"wp-caption alignnone\"><img loading=\"lazy\" decoding=\"async\" aria-describedby=\"caption-attachment-89\" class=\" wp-image-89\" src=\"https:\/\/pc-service-sommer.de\/wp-content\/uploads\/2024\/02\/luft-300x169.jpg\" alt=\"\" width=\"380\" height=\"214\" srcset=\"https:\/\/pc-service-sommer.de\/wp-content\/uploads\/2024\/02\/luft-300x169.jpg 300w, https:\/\/pc-service-sommer.de\/wp-content\/uploads\/2024\/02\/luft-1024x576.jpg 1024w, https:\/\/pc-service-sommer.de\/wp-content\/uploads\/2024\/02\/luft-768x432.jpg 768w, https:\/\/pc-service-sommer.de\/wp-content\/uploads\/2024\/02\/luft-1536x864.jpg 1536w, https:\/\/pc-service-sommer.de\/wp-content\/uploads\/2024\/02\/luft-2048x1152.jpg 2048w\" sizes=\"auto, (max-width: 380px) 100vw, 380px\" \/><p id=\"caption-attachment-89\" class=\"wp-caption-text\"><span style=\"vertical-align: inherit;\"><span style=\"vertical-align: inherit;\">Lech<\/span><\/span><\/p><\/div>\n<p><span style=\"font-family: arial, helvetica, sans-serif;\">\u00a0<img loading=\"lazy\" decoding=\"async\" class=\"alignnone wp-image-379\" src=\"https:\/\/pc-service-sommer.de\/wp-content\/uploads\/2025\/02\/Kissing1-300x225.jpg\" alt=\"\" width=\"374\" height=\"280\" srcset=\"https:\/\/pc-service-sommer.de\/wp-content\/uploads\/2025\/02\/Kissing1-300x225.jpg 300w, https:\/\/pc-service-sommer.de\/wp-content\/uploads\/2025\/02\/Kissing1-768x576.jpg 768w, https:\/\/pc-service-sommer.de\/wp-content\/uploads\/2025\/02\/Kissing1.jpg 1000w\" sizes=\"auto, (max-width: 374px) 100vw, 374px\" \/><\/span><\/p>\n","protected":false},"excerpt":{"rendered":"<p>Wir bieten unsere Drohne zu Vermietung f\u00fcr Ihren Anlass an. Die Drohne wird nicht einzeln vermietet, sondern mit einem unserer Mitarbeiter als Pilot. &nbsp; *** Achtung \u2013 kein Selbstflug m\u00f6glich *** &nbsp; Hochzeit Fotos\/Videos f\u00fcr alle erdenklichen Anl\u00e4sse Geburtstag Party Dachinspektion Fotos\/Videos f\u00fcr alle erdenklichen Anl\u00e4sse Es handelt sich um eine Drohne DJI Mini 3<br \/><a class=\"moretag\" href=\"https:\/\/pc-service-sommer.de\/index.php\/drohnenaufnahmen-fuer-viele-anlaesse-sowie-inspektion\/\">+ Read More<\/a><\/p>\n","protected":false},"author":1,"featured_media":60,"parent":0,"menu_order":0,"comment_status":"closed","ping_status":"closed","template":"templates\/page-nosidebar_template.php","meta":{"footnotes":""},"class_list":["post-15","page","type-page","status-publish","has-post-thumbnail","hentry"],"yoast_head":"<!-- This site is optimized with the Yoast SEO plugin v27.4 - https:\/\/yoast.com\/product\/yoast-seo-wordpress\/ -->\r\n<title>Drohnenaufnahmen f\u00fcr Inspektion uvm. - PC Service Sommer<\/title>\r\n<meta name=\"description\" content=\"Drohnenaufnahmen von Ihrer Veranstaltung, - Hochzeit- Geburtstag- oder auch Dachinspektionen zur Schadensaufnahme. Augsburg, M\u00fcnchen, Bayern\" \/>\r\n<meta name=\"robots\" content=\"index, follow, max-snippet:-1, max-image-preview:large, max-video-preview:-1\" \/>\r\n<link rel=\"canonical\" href=\"https:\/\/pc-service-sommer.de\/index.php\/drohnenaufnahmen-fuer-viele-anlaesse-sowie-inspektion\/\" \/>\r\n<meta property=\"og:locale\" content=\"de_DE\" \/>\r\n<meta property=\"og:type\" content=\"article\" \/>\r\n<meta property=\"og:title\" content=\"Drohnenaufnahmen f\u00fcr Inspektion uvm. - PC Service Sommer\" \/>\r\n<meta property=\"og:description\" content=\"Drohnenaufnahmen von Ihrer Veranstaltung, - Hochzeit- Geburtstag- oder auch Dachinspektionen zur Schadensaufnahme. Augsburg, M\u00fcnchen, Bayern\" \/>\r\n<meta property=\"og:url\" content=\"https:\/\/pc-service-sommer.de\/index.php\/drohnenaufnahmen-fuer-viele-anlaesse-sowie-inspektion\/\" \/>\r\n<meta property=\"og:site_name\" content=\"PC Service Sommer\" \/>\r\n<meta property=\"article:modified_time\" content=\"2025-02-28T06:13:35+00:00\" \/>\r\n<meta property=\"og:image\" content=\"https:\/\/pc-service-sommer.de\/wp-content\/uploads\/2024\/02\/dji_export_1644065520359-scaled.jpg\" \/>\r\n\t<meta property=\"og:image:width\" content=\"2560\" \/>\r\n\t<meta property=\"og:image:height\" content=\"1440\" \/>\r\n\t<meta property=\"og:image:type\" content=\"image\/jpeg\" \/>\r\n<meta name=\"twitter:card\" content=\"summary_large_image\" \/>\r\n<meta name=\"twitter:label1\" content=\"Gesch\u00e4tzte Lesezeit\" \/>\n\t<meta name=\"twitter:data1\" content=\"2\u00a0Minuten\" \/>\r\n<script type=\"application\/ld+json\" class=\"yoast-schema-graph\">{\"@context\":\"https:\\\/\\\/schema.org\",\"@graph\":[{\"@type\":\"WebPage\",\"@id\":\"https:\\\/\\\/pc-service-sommer.de\\\/index.php\\\/drohnenaufnahmen-fuer-viele-anlaesse-sowie-inspektion\\\/\",\"url\":\"https:\\\/\\\/pc-service-sommer.de\\\/index.php\\\/drohnenaufnahmen-fuer-viele-anlaesse-sowie-inspektion\\\/\",\"name\":\"Drohnenaufnahmen f\u00fcr Inspektion uvm. - PC Service Sommer\",\"isPartOf\":{\"@id\":\"https:\\\/\\\/pc-service-sommer.de\\\/#website\"},\"primaryImageOfPage\":{\"@id\":\"https:\\\/\\\/pc-service-sommer.de\\\/index.php\\\/drohnenaufnahmen-fuer-viele-anlaesse-sowie-inspektion\\\/#primaryimage\"},\"image\":{\"@id\":\"https:\\\/\\\/pc-service-sommer.de\\\/index.php\\\/drohnenaufnahmen-fuer-viele-anlaesse-sowie-inspektion\\\/#primaryimage\"},\"thumbnailUrl\":\"https:\\\/\\\/pc-service-sommer.de\\\/wp-content\\\/uploads\\\/2024\\\/02\\\/dji_export_1644065520359-scaled.jpg\",\"datePublished\":\"2024-02-05T18:24:41+00:00\",\"dateModified\":\"2025-02-28T06:13:35+00:00\",\"description\":\"Drohnenaufnahmen von Ihrer Veranstaltung, - Hochzeit- Geburtstag- oder auch Dachinspektionen zur Schadensaufnahme. Augsburg, M\u00fcnchen, Bayern\",\"breadcrumb\":{\"@id\":\"https:\\\/\\\/pc-service-sommer.de\\\/index.php\\\/drohnenaufnahmen-fuer-viele-anlaesse-sowie-inspektion\\\/#breadcrumb\"},\"inLanguage\":\"de\",\"potentialAction\":[{\"@type\":\"ReadAction\",\"target\":[\"https:\\\/\\\/pc-service-sommer.de\\\/index.php\\\/drohnenaufnahmen-fuer-viele-anlaesse-sowie-inspektion\\\/\"]}]},{\"@type\":\"ImageObject\",\"inLanguage\":\"de\",\"@id\":\"https:\\\/\\\/pc-service-sommer.de\\\/index.php\\\/drohnenaufnahmen-fuer-viele-anlaesse-sowie-inspektion\\\/#primaryimage\",\"url\":\"https:\\\/\\\/pc-service-sommer.de\\\/wp-content\\\/uploads\\\/2024\\\/02\\\/dji_export_1644065520359-scaled.jpg\",\"contentUrl\":\"https:\\\/\\\/pc-service-sommer.de\\\/wp-content\\\/uploads\\\/2024\\\/02\\\/dji_export_1644065520359-scaled.jpg\",\"width\":2560,\"height\":1440,\"caption\":\"default\"},{\"@type\":\"BreadcrumbList\",\"@id\":\"https:\\\/\\\/pc-service-sommer.de\\\/index.php\\\/drohnenaufnahmen-fuer-viele-anlaesse-sowie-inspektion\\\/#breadcrumb\",\"itemListElement\":[{\"@type\":\"ListItem\",\"position\":1,\"name\":\"Startseite\",\"item\":\"https:\\\/\\\/pc-service-sommer.de\\\/\"},{\"@type\":\"ListItem\",\"position\":2,\"name\":\"Drohnenaufnahmen f\u00fcr Inspektion uvm.\"}]},{\"@type\":\"WebSite\",\"@id\":\"https:\\\/\\\/pc-service-sommer.de\\\/#website\",\"url\":\"https:\\\/\\\/pc-service-sommer.de\\\/\",\"name\":\"PC Service Sommer\",\"description\":\"Ihr PC Service vor Ort\",\"potentialAction\":[{\"@type\":\"SearchAction\",\"target\":{\"@type\":\"EntryPoint\",\"urlTemplate\":\"https:\\\/\\\/pc-service-sommer.de\\\/?s={search_term_string}\"},\"query-input\":{\"@type\":\"PropertyValueSpecification\",\"valueRequired\":true,\"valueName\":\"search_term_string\"}}],\"inLanguage\":\"de\"}]}<\/script>\r\n<!-- \/ Yoast SEO plugin. -->","yoast_head_json":{"title":"Drohnenaufnahmen f\u00fcr Inspektion uvm. - PC Service Sommer","description":"Drohnenaufnahmen von Ihrer Veranstaltung, - Hochzeit- Geburtstag- oder auch Dachinspektionen zur Schadensaufnahme. Augsburg, M\u00fcnchen, Bayern","robots":{"index":"index","follow":"follow","max-snippet":"max-snippet:-1","max-image-preview":"max-image-preview:large","max-video-preview":"max-video-preview:-1"},"canonical":"https:\/\/pc-service-sommer.de\/index.php\/drohnenaufnahmen-fuer-viele-anlaesse-sowie-inspektion\/","og_locale":"de_DE","og_type":"article","og_title":"Drohnenaufnahmen f\u00fcr Inspektion uvm. - PC Service Sommer","og_description":"Drohnenaufnahmen von Ihrer Veranstaltung, - Hochzeit- Geburtstag- oder auch Dachinspektionen zur Schadensaufnahme. Augsburg, M\u00fcnchen, Bayern","og_url":"https:\/\/pc-service-sommer.de\/index.php\/drohnenaufnahmen-fuer-viele-anlaesse-sowie-inspektion\/","og_site_name":"PC Service Sommer","article_modified_time":"2025-02-28T06:13:35+00:00","og_image":[{"width":2560,"height":1440,"url":"https:\/\/pc-service-sommer.de\/wp-content\/uploads\/2024\/02\/dji_export_1644065520359-scaled.jpg","type":"image\/jpeg"}],"twitter_card":"summary_large_image","twitter_misc":{"Gesch\u00e4tzte Lesezeit":"2\u00a0Minuten"},"schema":{"@context":"https:\/\/schema.org","@graph":[{"@type":"WebPage","@id":"https:\/\/pc-service-sommer.de\/index.php\/drohnenaufnahmen-fuer-viele-anlaesse-sowie-inspektion\/","url":"https:\/\/pc-service-sommer.de\/index.php\/drohnenaufnahmen-fuer-viele-anlaesse-sowie-inspektion\/","name":"Drohnenaufnahmen f\u00fcr Inspektion uvm. - PC Service Sommer","isPartOf":{"@id":"https:\/\/pc-service-sommer.de\/#website"},"primaryImageOfPage":{"@id":"https:\/\/pc-service-sommer.de\/index.php\/drohnenaufnahmen-fuer-viele-anlaesse-sowie-inspektion\/#primaryimage"},"image":{"@id":"https:\/\/pc-service-sommer.de\/index.php\/drohnenaufnahmen-fuer-viele-anlaesse-sowie-inspektion\/#primaryimage"},"thumbnailUrl":"https:\/\/pc-service-sommer.de\/wp-content\/uploads\/2024\/02\/dji_export_1644065520359-scaled.jpg","datePublished":"2024-02-05T18:24:41+00:00","dateModified":"2025-02-28T06:13:35+00:00","description":"Drohnenaufnahmen von Ihrer Veranstaltung, - Hochzeit- Geburtstag- oder auch Dachinspektionen zur Schadensaufnahme. Augsburg, M\u00fcnchen, Bayern","breadcrumb":{"@id":"https:\/\/pc-service-sommer.de\/index.php\/drohnenaufnahmen-fuer-viele-anlaesse-sowie-inspektion\/#breadcrumb"},"inLanguage":"de","potentialAction":[{"@type":"ReadAction","target":["https:\/\/pc-service-sommer.de\/index.php\/drohnenaufnahmen-fuer-viele-anlaesse-sowie-inspektion\/"]}]},{"@type":"ImageObject","inLanguage":"de","@id":"https:\/\/pc-service-sommer.de\/index.php\/drohnenaufnahmen-fuer-viele-anlaesse-sowie-inspektion\/#primaryimage","url":"https:\/\/pc-service-sommer.de\/wp-content\/uploads\/2024\/02\/dji_export_1644065520359-scaled.jpg","contentUrl":"https:\/\/pc-service-sommer.de\/wp-content\/uploads\/2024\/02\/dji_export_1644065520359-scaled.jpg","width":2560,"height":1440,"caption":"default"},{"@type":"BreadcrumbList","@id":"https:\/\/pc-service-sommer.de\/index.php\/drohnenaufnahmen-fuer-viele-anlaesse-sowie-inspektion\/#breadcrumb","itemListElement":[{"@type":"ListItem","position":1,"name":"Startseite","item":"https:\/\/pc-service-sommer.de\/"},{"@type":"ListItem","position":2,"name":"Drohnenaufnahmen f\u00fcr Inspektion uvm."}]},{"@type":"WebSite","@id":"https:\/\/pc-service-sommer.de\/#website","url":"https:\/\/pc-service-sommer.de\/","name":"PC Service Sommer","description":"Ihr PC Service vor Ort","potentialAction":[{"@type":"SearchAction","target":{"@type":"EntryPoint","urlTemplate":"https:\/\/pc-service-sommer.de\/?s={search_term_string}"},"query-input":{"@type":"PropertyValueSpecification","valueRequired":true,"valueName":"search_term_string"}}],"inLanguage":"de"}]}},"_links":{"self":[{"href":"https:\/\/pc-service-sommer.de\/index.php\/wp-json\/wp\/v2\/pages\/15","targetHints":{"allow":["GET"]}}],"collection":[{"href":"https:\/\/pc-service-sommer.de\/index.php\/wp-json\/wp\/v2\/pages"}],"about":[{"href":"https:\/\/pc-service-sommer.de\/index.php\/wp-json\/wp\/v2\/types\/page"}],"author":[{"embeddable":true,"href":"https:\/\/pc-service-sommer.de\/index.php\/wp-json\/wp\/v2\/users\/1"}],"replies":[{"embeddable":true,"href":"https:\/\/pc-service-sommer.de\/index.php\/wp-json\/wp\/v2\/comments?post=15"}],"version-history":[{"count":7,"href":"https:\/\/pc-service-sommer.de\/index.php\/wp-json\/wp\/v2\/pages\/15\/revisions"}],"predecessor-version":[{"id":377,"href":"https:\/\/pc-service-sommer.de\/index.php\/wp-json\/wp\/v2\/pages\/15\/revisions\/377"}],"wp:featuredmedia":[{"embeddable":true,"href":"https:\/\/pc-service-sommer.de\/index.php\/wp-json\/wp\/v2\/media\/60"}],"wp:attachment":[{"href":"https:\/\/pc-service-sommer.de\/index.php\/wp-json\/wp\/v2\/media?parent=15"}],"curies":[{"name":"wp","href":"https:\/\/api.w.org\/{rel}","templated":true}]}}